{"id":189,"date":"2016-05-08T17:22:51","date_gmt":"2016-05-08T17:22:51","guid":{"rendered":"https:\/\/oceanwp.org\/gym\/?page_id=189"},"modified":"2023-02-02T12:53:49","modified_gmt":"2023-02-02T12:53:49","slug":"about-us","status":"publish","type":"page","link":"https:\/\/fizjoandchill.pl\/index.php\/about-us\/","title":{"rendered":"O Mnie"},"content":{"rendered":"\t\t<div data-elementor-type=\"wp-page\" data-elementor-id=\"189\" class=\"elementor elementor-189\" data-elementor-settings=\"[]\">\n\t\t\t\t\t\t\t<div class=\"elementor-section-wrap\">\n\t\t\t\t\t\t\t<section class=\"elementor-section elementor-top-section elementor-element elementor-element-6115cb19 elementor-section-full_width elementor-section-content-middle elementor-reverse-mobile elementor-section-height-default elementor-section-height-default\" data-id=\"6115cb19\" data-element_type=\"section\">\n\t\t\t\t\t\t<div class=\"elementor-container elementor-column-gap-no\">\n\t\t\t\t\t<div class=\"elementor-column elementor-col-50 elementor-top-column elementor-element elementor-element-4c680deb\" data-id=\"4c680deb\" data-element_type=\"column\" data-settings=\"{&quot;background_background&quot;:&quot;classic&quot;,&quot;motion_fx_motion_fx_mouse&quot;:&quot;yes&quot;}\">\n\t\t\t<div class=\"elementor-widget-wrap elementor-element-populated\">\n\t\t\t\t\t<div class=\"elementor-background-overlay\"><\/div>\n\t\t\t\t\t\t\t\t<div class=\"elementor-element elementor-element-b5deb74 elementor-widget elementor-widget-image\" data-id=\"b5deb74\" data-element_type=\"widget\" data-widget_type=\"image.default\">\n\t\t\t\t<div class=\"elementor-widget-container\">\n\t\t\t\t\t\t\t\t\t\t\t\t\t\t\t<img width=\"1024\" height=\"1024\" src=\"https:\/\/fizjoandchill.pl\/wp-content\/uploads\/2021\/11\/20211106_114442-01-01-1-1024x1024.jpeg\" class=\"attachment-large size-large\" alt=\"\" loading=\"lazy\" srcset=\"https:\/\/fizjoandchill.pl\/wp-content\/uploads\/2021\/11\/20211106_114442-01-01-1-1024x1024.jpeg 1024w, https:\/\/fizjoandchill.pl\/wp-content\/uploads\/2021\/11\/20211106_114442-01-01-1-300x300.jpeg 300w, https:\/\/fizjoandchill.pl\/wp-content\/uploads\/2021\/11\/20211106_114442-01-01-1-150x150.jpeg 150w, https:\/\/fizjoandchill.pl\/wp-content\/uploads\/2021\/11\/20211106_114442-01-01-1-768x768.jpeg 768w, https:\/\/fizjoandchill.pl\/wp-content\/uploads\/2021\/11\/20211106_114442-01-01-1-1536x1536.jpeg 1536w, https:\/\/fizjoandchill.pl\/wp-content\/uploads\/2021\/11\/20211106_114442-01-01-1-2048x2048.jpeg 2048w\" sizes=\"(max-width: 1024px) 100vw, 1024px\" \/>\t\t\t\t\t\t\t\t\t\t\t\t\t\t\t<\/div>\n\t\t\t\t<\/div>\n\t\t\t\t\t<\/div>\n\t\t<\/div>\n\t\t\t\t<div class=\"elementor-column elementor-col-50 elementor-top-column elementor-element elementor-element-72259921\" data-id=\"72259921\" data-element_type=\"column\">\n\t\t\t<div class=\"elementor-widget-wrap elementor-element-populated\">\n\t\t\t\t\t\t\t\t<div class=\"elementor-element elementor-element-6e829122 elementor-drop-cap-yes elementor-drop-cap-view-default elementor-widget elementor-widget-text-editor\" data-id=\"6e829122\" data-element_type=\"widget\" data-settings=\"{&quot;drop_cap&quot;:&quot;yes&quot;}\" data-widget_type=\"text-editor.default\">\n\t\t\t\t<div class=\"elementor-widget-container\">\n\t\t\t\t\t\t\t<p>Mam na imi\u0119 Patrycja i <strong>jestem fizjoterapeut\u0105<br \/><\/strong> (numer PWZF 34475). Jestem absolwentk\u0105 Akademii Wychowania Fizycznego w Warszawie, gdzie w 2015 roku zdoby\u0142am tytu\u0142 magistra. <span style=\"font-size: 16px; letter-spacing: 0.4px;\"><strong>Uko\u0144czy\u0142am terapi\u0119 manualn\u0105<\/strong> wg Szko\u0142y Niemieckiej oraz szereg kurs\u00f3w i szkole\u0144, dotycz\u0105cych fizjoterapii w obszarach, kt\u00f3re mnie interesuj\u0105.<\/span><\/p>\t\t\t\t\t\t<\/div>\n\t\t\t\t<\/div>\n\t\t\t\t<div class=\"elementor-element elementor-element-e57d55c elementor-widget elementor-widget-heading\" data-id=\"e57d55c\" data-element_type=\"widget\" data-widget_type=\"heading.default\">\n\t\t\t\t<div class=\"elementor-widget-container\">\n\t\t\t<h2 class=\"elementor-heading-title elementor-size-default\">Czym si\u0119 zajmuj\u0119?<\/h2>\t\t<\/div>\n\t\t\t\t<\/div>\n\t\t\t\t<div class=\"elementor-element elementor-element-7be0413 elementor-widget elementor-widget-text-editor\" data-id=\"7be0413\" data-element_type=\"widget\" data-widget_type=\"text-editor.default\">\n\t\t\t\t<div class=\"elementor-widget-container\">\n\t\t\t\t\t\t\t<ul>\n<li>Fizjoterapi\u0105 w ortopedii<\/li>\n<li>Fizjoterapi\u0105 uroginekologiczn\u0105<\/li><li>Przygotowaniem do ci\u0105\u017cy\/porodu<\/li>\n<li>Masa\u017cem leczniczym<\/li>\n<li>Masa\u017cem oraz rehabilitacj\u0105 kobiet w ci\u0105\u017cy<\/li>\n<li>\u0106wiczeniami indywidualnymi w ci\u0105\u017cy<\/li>\n<li>Fizjoterapi\u0105 w ramach rewitalizacji po porodzie, czyli m.in. terapi\u0105 rozej\u015bcia mi\u0119\u015bni prostych brzucha, czy mobilizacj\u0105 blizny po ci\u0119ciu cesarskim<\/li>\n<li>Fizjoterapi\u0105 w bolesnych miesi\u0105czkach i endometriozie<\/li>\n<li>Mobilizacj\u0105 blizn pooperacyjnych, pourazowych, pooparzeniowych<\/li>\n<li>Fizjoterapi\u0105 w b\u00f3lach i zawrotach g\u0142owy<\/li>\n<li>Terapi\u0105 staw\u00f3w skroniowo &#8211; \u017cuchwowych<\/li>\n<li>Kinesiotapingiem, jako \u015brodkiem wspomagaj\u0105cym terapi\u0119<\/li>\n<li>Zabiegami relaksuj\u0105cymi<\/li>\n<\/ul>\t\t\t\t\t\t<\/div>\n\t\t\t\t<\/div>\n\t\t\t\t\t<\/div>\n\t\t<\/div>\n\t\t\t\t\t\t\t<\/div>\n\t\t<\/section>\n\t\t\t\t<section class=\"elementor-section elementor-top-section elementor-element elementor-element-df7e55d elementor-section-boxed elementor-section-height-default elementor-section-height-default\" data-id=\"df7e55d\" data-element_type=\"section\">\n\t\t\t\t\t\t<div class=\"elementor-container elementor-column-gap-default\">\n\t\t\t\t\t<div class=\"elementor-column elementor-col-100 elementor-top-column elementor-element elementor-element-bf1a31d\" data-id=\"bf1a31d\" data-element_type=\"column\">\n\t\t\t<div class=\"elementor-widget-wrap elementor-element-populated\">\n\t\t\t\t\t\t\t\t<div class=\"elementor-element elementor-element-ecda219 elementor-widget elementor-widget-text-editor\" data-id=\"ecda219\" data-element_type=\"widget\" data-widget_type=\"text-editor.default\">\n\t\t\t\t<div class=\"elementor-widget-container\">\n\t\t\t\t\t\t\t<p>Moje zainteresowania fizjoterapeutyczne s\u0105 do\u015b\u0107 szerokie, je\u015bli wi\u0119c borykasz si\u0119 z problemem w obr\u0119bie narz\u0105du ruchu lub zwyczajnie szukasz miejsca, w kt\u00f3rym chcesz si\u0119 <strong>zrelaksowa\u0107<\/strong>, jest spora szansa, \u017ce mog\u0119 Ci pom\u00f3c. Ponad to, stale si\u0119 rozwijam. <strong>Bior\u0119 udzia\u0142 w kursach<\/strong>, szkoleniach i konferencjach, aby w gabinecie m\u00f3c pos\u0142ugiwa\u0107 si\u0119 technikami, zgodnymi z aktualn\u0105 wiedz\u0105.<\/p>\t\t\t\t\t\t<\/div>\n\t\t\t\t<\/div>\n\t\t\t\t<div class=\"elementor-element elementor-element-d14ca96 elementor-widget elementor-widget-text-editor\" data-id=\"d14ca96\" data-element_type=\"widget\" data-widget_type=\"text-editor.default\">\n\t\t\t\t<div class=\"elementor-widget-container\">\n\t\t\t\t\t\t\t<p>W pracy z pacjentem przywi\u0105zuj\u0119 du\u017c\u0105 wag\u0119 do <strong>odpowiedniej komunikacji<\/strong> oraz<strong> indywidualnego podej\u015bcia<\/strong> do ka\u017cdego. Fascynuje mnie to, jak bardzo potrafimy by\u0107 r\u00f3\u017cni oraz to, od jak wielu czynnik\u00f3w zale\u017cy optymalne dzia\u0142anie ludzkiego cia\u0142a. Terapi\u0119 dostosowuj\u0119 do potrzeb i oczekiwa\u0144 pacjenta. Nie zawsze mog\u0119 obieca\u0107, \u017ce b\u0119dzie przyjemnie, ale mog\u0119 obieca\u0107, \u017ce do\u0142o\u017c\u0119 wszelkich stara\u0144, <strong>aby by\u0142o skutecznie<\/strong> .<\/p><p>W wolnym czasie lubi\u0119 usi\u0105\u015b\u0107 przy ciekawej ksi\u0105\u017cce, dzierga\u0107 na drutach, pobawi\u0107 si\u0119 z moim kotem &#8211; Gra\u017cyn\u0105.<\/p>\t\t\t\t\t\t<\/div>\n\t\t\t\t<\/div>\n\t\t\t\t\t<\/div>\n\t\t<\/div>\n\t\t\t\t\t\t\t<\/div>\n\t\t<\/section>\n\t\t\t\t<section class=\"elementor-section elementor-top-section elementor-element elementor-element-ea28717 elementor-section-boxed elementor-section-height-default elementor-section-height-default\" data-id=\"ea28717\" data-element_type=\"section\">\n\t\t\t\t\t\t<div class=\"elementor-container elementor-column-gap-default\">\n\t\t\t\t\t<div class=\"elementor-column elementor-col-100 elementor-top-column elementor-element elementor-element-4507abc\" data-id=\"4507abc\" data-element_type=\"column\">\n\t\t\t<div class=\"elementor-widget-wrap elementor-element-populated\">\n\t\t\t\t\t\t\t\t<div class=\"elementor-element elementor-element-9aacec1 elementor-post-navigation-borders-yes elementor-widget elementor-widget-post-navigation\" data-id=\"9aacec1\" data-element_type=\"widget\" data-widget_type=\"post-navigation.default\">\n\t\t\t\t<div class=\"elementor-widget-container\">\n\t\t\t\t\t<div class=\"elementor-post-navigation\">\n\t\t\t<div class=\"elementor-post-navigation__prev elementor-post-navigation__link\">\n\t\t\t\t<a href=\"https:\/\/fizjoandchill.pl\/index.php\/contact-us\/\" rel=\"prev\"><span class=\"post-navigation__arrow-wrapper post-navigation__arrow-prev\"><i class=\"fa fa-angle-left\" aria-hidden=\"true\"><\/i><span class=\"elementor-screen-only\">Prev<\/span><\/span><span class=\"elementor-post-navigation__link__prev\"><span class=\"post-navigation__prev--title\">Kontakt<\/span><\/span><\/a>\t\t\t<\/div>\n\t\t\t\t\t\t\t<div class=\"elementor-post-navigation__separator-wrapper\">\n\t\t\t\t\t<div class=\"elementor-post-navigation__separator\"><\/div>\n\t\t\t\t<\/div>\n\t\t\t\t\t\t<div class=\"elementor-post-navigation__next elementor-post-navigation__link\">\n\t\t\t\t<a href=\"https:\/\/fizjoandchill.pl\/\" rel=\"next\"><span class=\"elementor-post-navigation__link__next\"><span class=\"post-navigation__next--title\">Strona G\u0142\u00f3wna<\/span><\/span><span class=\"post-navigation__arrow-wrapper post-navigation__arrow-next\"><i class=\"fa fa-angle-right\" aria-hidden=\"true\"><\/i><span class=\"elementor-screen-only\">Next<\/span><\/span><\/a>\t\t\t<\/div>\n\t\t<\/div>\n\t\t\t\t<\/div>\n\t\t\t\t<\/div>\n\t\t\t\t\t<\/div>\n\t\t<\/div>\n\t\t\t\t\t\t\t<\/div>\n\t\t<\/section>\n\t\t\t\t\t\t<\/div>\n\t\t\t\t\t<\/div>\n\t\t","protected":false},"excerpt":{"rendered":"<p>Mam na imi\u0119 Patrycja i jestem fizjoterapeut\u0105 (numer PWZF 34475). Jestem absolwentk\u0105 Akademii Wychowania Fizycznego w Warszawie, gdzie w 2015 roku zdoby\u0142am tytu\u0142 magistra. Uko\u0144czy\u0142am terapi\u0119 manualn\u0105 wg Szko\u0142y Niemieckiej oraz szereg kurs\u00f3w i szkole\u0144, dotycz\u0105cych fizjoterapii w obszarach, kt\u00f3re mnie interesuj\u0105. Czym si\u0119 zajmuj\u0119? Fizjoterapi\u0105 w ortopedii Fizjoterapi\u0105 uroginekologiczn\u0105 Przygotowaniem do ci\u0105\u017cy\/porodu Masa\u017cem leczniczym [&hellip;]<\/p>\n","protected":false},"author":1,"featured_media":0,"parent":0,"menu_order":0,"comment_status":"closed","ping_status":"closed","template":"","meta":[],"_links":{"self":[{"href":"https:\/\/fizjoandchill.pl\/index.php\/wp-json\/wp\/v2\/pages\/189"}],"collection":[{"href":"https:\/\/fizjoandchill.pl\/index.php\/wp-json\/wp\/v2\/pages"}],"about":[{"href":"https:\/\/fizjoandchill.pl\/index.php\/wp-json\/wp\/v2\/types\/page"}],"author":[{"embeddable":true,"href":"https:\/\/fizjoandchill.pl\/index.php\/wp-json\/wp\/v2\/users\/1"}],"replies":[{"embeddable":true,"href":"https:\/\/fizjoandchill.pl\/index.php\/wp-json\/wp\/v2\/comments?post=189"}],"version-history":[{"count":65,"href":"https:\/\/fizjoandchill.pl\/index.php\/wp-json\/wp\/v2\/pages\/189\/revisions"}],"predecessor-version":[{"id":1420,"href":"https:\/\/fizjoandchill.pl\/index.php\/wp-json\/wp\/v2\/pages\/189\/revisions\/1420"}],"wp:attachment":[{"href":"https:\/\/fizjoandchill.pl\/index.php\/wp-json\/wp\/v2\/media?parent=189"}],"curies":[{"name":"wp","href":"https:\/\/api.w.org\/{rel}","templated":true}]}}